{"id":98,"date":"2024-09-27T11:28:31","date_gmt":"2024-09-27T09:28:31","guid":{"rendered":"http:\/\/www-neu.eg-karlstein.de\/?page_id=98"},"modified":"2024-09-27T11:28:31","modified_gmt":"2024-09-27T09:28:31","slug":"grundversorgung","status":"publish","type":"page","link":"https:\/\/www.eg-karlstein.de\/index.php\/grundversorgung\/","title":{"rendered":"Grundversorgung"},"content":{"rendered":"\n<h2 class=\"wp-block-heading has-text-align-center\">Grundversorgung<\/h2>\n\n\n\n<p>Betreiber von Energieversorgungsnetzen haben nach \u00a7 36 (2) Energiewirtschaftsgesetz&nbsp; alle drei Jahre den Grundversorger f\u00fcr die n\u00e4chsten drei Kalenderjahre festzustellen und dies bis zum 30. September des Jahres zu ver\u00f6ffentlichen.<\/p>\n\n\n\n<p>Grundversorger ist jeweils das Energieversorgungsunternehmen, das die meisten Haushaltskunden in einem Netzgebiet der allgemeinen Versorgung beliefert.<\/p>\n\n\n\n<p>Als Grundversorger f\u00fcr das Netzgebiet von der Elektrizit\u00e4tsgenossenschaft Karlstein eG wurde festgestellt:<\/p>\n\n\n\n<p><strong>F\u00fcr den Zeitraum 01.01.2025 bis 31.12.2027: Die Elektrizit\u00e4tsgenossenschaft Karlstein eG.<\/strong><\/p>\n","protected":false},"excerpt":{"rendered":"<p>Grundversorgung Betreiber von Energieversorgungsnetzen haben nach \u00a7 36 (2) Energiewirtschaftsgesetz&nbsp; alle drei Jahre den Grundversorger f\u00fcr die n\u00e4chsten drei Kalenderjahre festzustellen und dies bis zum 30. September des Jahres zu ver\u00f6ffentlichen. Grundversorger ist jeweils das Energieversorgungsunternehmen, das die meisten Haushaltskunden in einem Netzgebiet der allgemeinen Versorgung beliefert. Als Grundversorger f\u00fcr das Netzgebiet von der Elektrizit\u00e4tsgenossenschaft [&hellip;]<\/p>\n","protected":false},"author":1,"featured_media":0,"parent":0,"menu_order":0,"comment_status":"closed","ping_status":"closed","template":"","meta":{"_acf_changed":false,"content-type":"","footnotes":""},"class_list":["post-98","page","type-page","status-publish","hentry"],"blocksy_meta":[],"acf":[],"_links":{"self":[{"href":"https:\/\/www.eg-karlstein.de\/index.php\/wp-json\/wp\/v2\/pages\/98","targetHints":{"allow":["GET"]}}],"collection":[{"href":"https:\/\/www.eg-karlstein.de\/index.php\/wp-json\/wp\/v2\/pages"}],"about":[{"href":"https:\/\/www.eg-karlstein.de\/index.php\/wp-json\/wp\/v2\/types\/page"}],"author":[{"embeddable":true,"href":"https:\/\/www.eg-karlstein.de\/index.php\/wp-json\/wp\/v2\/users\/1"}],"replies":[{"embeddable":true,"href":"https:\/\/www.eg-karlstein.de\/index.php\/wp-json\/wp\/v2\/comments?post=98"}],"version-history":[{"count":1,"href":"https:\/\/www.eg-karlstein.de\/index.php\/wp-json\/wp\/v2\/pages\/98\/revisions"}],"predecessor-version":[{"id":99,"href":"https:\/\/www.eg-karlstein.de\/index.php\/wp-json\/wp\/v2\/pages\/98\/revisions\/99"}],"wp:attachment":[{"href":"https:\/\/www.eg-karlstein.de\/index.php\/wp-json\/wp\/v2\/media?parent=98"}],"curies":[{"name":"wp","href":"https:\/\/api.w.org\/{rel}","templated":true}]}}