{"id":8,"date":"2024-09-25T08:13:22","date_gmt":"2024-09-25T06:13:22","guid":{"rendered":"http:\/\/www-neu.eg-karlstein.de\/?page_id=8"},"modified":"2024-10-22T08:58:16","modified_gmt":"2024-10-22T06:58:16","slug":"homepage-startseite","status":"publish","type":"page","link":"https:\/\/www.eg-karlstein.de\/","title":{"rendered":"Homepage-Startseite"},"content":{"rendered":"\n<div class=\"wp-block-group is-nowrap is-layout-flex wp-container-core-group-is-layout-6c531013 wp-block-group-is-layout-flex\">\n<figure class=\"wp-block-image size-full is-resized\"><img loading=\"lazy\" decoding=\"async\" width=\"200\" height=\"130\" src=\"https:\/\/www.eg-karlstein.de\/wp-content\/uploads\/2024\/10\/Karlstein-Logo-1.jpg\" alt=\"\" class=\"wp-image-294\" style=\"width:205px;height:auto\"\/><\/figure>\n\n\n\n<p>Die <strong>Elektrizit\u00e4tsgenossenschaft Karlstein eG (EGK)<\/strong> wurde im Jahr 1918 gegr\u00fcndet und ist im Gebiet der im Jahr 1978 nach Bad Reichenhall eingemeindeten Gemeinde Karlstein &#8211; dem jetzigen Ortsteil Karlstein &#8211; als Stromversorger t\u00e4tig.<\/p>\n<\/div>\n\n\n\n<figure class=\"wp-block-image alignright size-large is-resized\"><img loading=\"lazy\" decoding=\"async\" width=\"1024\" height=\"966\" src=\"http:\/\/www-neu.eg-karlstein.de\/wp-content\/uploads\/2024\/10\/the-light-bulb-349400_1280-1024x966.png\" alt=\"\" class=\"wp-image-160\" style=\"width:137px;height:auto\" srcset=\"https:\/\/www.eg-karlstein.de\/wp-content\/uploads\/2024\/10\/the-light-bulb-349400_1280-1024x966.png 1024w, https:\/\/www.eg-karlstein.de\/wp-content\/uploads\/2024\/10\/the-light-bulb-349400_1280-300x283.png 300w, https:\/\/www.eg-karlstein.de\/wp-content\/uploads\/2024\/10\/the-light-bulb-349400_1280-768x725.png 768w, https:\/\/www.eg-karlstein.de\/wp-content\/uploads\/2024\/10\/the-light-bulb-349400_1280.png 1280w\" sizes=\"auto, (max-width: 1024px) 100vw, 1024px\" \/><\/figure>\n\n\n\n<p>1918 brannte in Karlstein das erste elektrische Licht, durch die eigens erbaute elektrische Versorgungsanlage. Seitdem beliefern wir unsere Kunden seit \u00fcber 100 Jahren zuverl\u00e4ssig mit Strom.<\/p>\n\n\n\n<p>Als \u00f6rtlicher Energieversorger sind wir mit unserer Genossenschaft seither fest in der Region verwurzelt. Daher stehen wir f\u00fcr die Bed\u00fcrfnisse unserer B\u00fcrgerinnen und B\u00fcrger rund um das Thema Strom jederzeit zur Verf\u00fcgung \u2013 und das noch immer ohne Callcenter. Der pers\u00f6nliche Service, sowie ein faires Preis-Leistungs-Verh\u00e4ltnis mit einer transparenten Abrechnung stehen bei uns fr\u00fcher, wie auch heute, an oberster Stelle. &nbsp;<\/p>\n\n\n\n<div class=\"wp-block-group is-nowrap is-layout-flex wp-container-core-group-is-layout-6c531013 wp-block-group-is-layout-flex\">\n<p>Wir sind stets bem\u00fcht, uns den Herausforderungen in der Energiebranche anzunehmen und somit unsere Produkte, Dienstleistungen und die Technik st\u00e4ndig zu verbessern. Somit vereint sich in unserer Genossenschaft lange Tradition mit Zuverl\u00e4ssigkeit und Innovation.<\/p>\n<\/div>\n\n\n\n<p class=\"has-text-align-center\">Lassen Sie sich \u00fcberzeugen!<\/p>\n\n\n\n<p><\/p>\n","protected":false},"excerpt":{"rendered":"<p>Die Elektrizit\u00e4tsgenossenschaft Karlstein eG (EGK) wurde im Jahr 1918 gegr\u00fcndet und ist im Gebiet der im Jahr 1978 nach Bad Reichenhall eingemeindeten Gemeinde Karlstein &#8211; dem jetzigen Ortsteil Karlstein &#8211; als Stromversorger t\u00e4tig. 1918 brannte in Karlstein das erste elektrische Licht, durch die eigens erbaute elektrische Versorgungsanlage. Seitdem beliefern wir unsere Kunden seit \u00fcber 100 [&hellip;]<\/p>\n","protected":false},"author":1,"featured_media":0,"parent":0,"menu_order":0,"comment_status":"closed","ping_status":"closed","template":"","meta":{"_acf_changed":false,"content-type":"","footnotes":""},"class_list":["post-8","page","type-page","status-publish","hentry"],"blocksy_meta":[],"acf":[],"_links":{"self":[{"href":"https:\/\/www.eg-karlstein.de\/index.php\/wp-json\/wp\/v2\/pages\/8","targetHints":{"allow":["GET"]}}],"collection":[{"href":"https:\/\/www.eg-karlstein.de\/index.php\/wp-json\/wp\/v2\/pages"}],"about":[{"href":"https:\/\/www.eg-karlstein.de\/index.php\/wp-json\/wp\/v2\/types\/page"}],"author":[{"embeddable":true,"href":"https:\/\/www.eg-karlstein.de\/index.php\/wp-json\/wp\/v2\/users\/1"}],"replies":[{"embeddable":true,"href":"https:\/\/www.eg-karlstein.de\/index.php\/wp-json\/wp\/v2\/comments?post=8"}],"version-history":[{"count":11,"href":"https:\/\/www.eg-karlstein.de\/index.php\/wp-json\/wp\/v2\/pages\/8\/revisions"}],"predecessor-version":[{"id":295,"href":"https:\/\/www.eg-karlstein.de\/index.php\/wp-json\/wp\/v2\/pages\/8\/revisions\/295"}],"wp:attachment":[{"href":"https:\/\/www.eg-karlstein.de\/index.php\/wp-json\/wp\/v2\/media?parent=8"}],"curies":[{"name":"wp","href":"https:\/\/api.w.org\/{rel}","templated":true}]}}