{"id":79,"date":"2024-09-27T11:03:35","date_gmt":"2024-09-27T09:03:35","guid":{"rendered":"http:\/\/www-neu.eg-karlstein.de\/?page_id=79"},"modified":"2024-09-27T11:04:04","modified_gmt":"2024-09-27T09:04:04","slug":"schlichtungsstelle","status":"publish","type":"page","link":"https:\/\/www.eg-karlstein.de\/index.php\/schlichtungsstelle\/","title":{"rendered":"Schlichtungsstelle"},"content":{"rendered":"\n<h2 class=\"wp-block-heading has-text-align-center\">Schlichtungsstelle<\/h2>\n\n\n\n<p class=\"has-text-align-center\">Fragen oder Beschwerden im Zusammenhang mit Ihrer Energielieferung k\u00f6nnen per Post<br>an Elektrizit\u00e4tsgenossenschaft Karlstein eG, Weitwiesenring 6, 83435 Bad Reichenhall,<br>telefonisch unter 08651\/9867-0 oder per E-Mail: egkarlstein@t-online.de gerichtet werden.<\/p>\n\n\n\n<p class=\"has-text-align-center\">Zur Beilegung von Streitigkeiten kann ein Schlichtungsverfahren bei der Schlichtungsstelle<br>Energie e.V. beantragt werden. Voraussetzung daf\u00fcr ist, dass zuvor die<br>Elektrizit\u00e4tsgenossenschaft Karlstein eG kontaktiert wurde und keine beidseitig<br>zufriedenstellende L\u00f6sung gefunden wurde. Unser Unternehmen ist zur Teilnahme am<br>Schlichtungsverfahren der Schlichtungsstelle Energie verpflichtet. Schlichtungsstelle Energie e.V.,<br>Friedrichstra\u00dfe 133, 10117 Berlin, Telefon: 030-2 75 72 40-0, www.schlichtungsstelle-energie.de,<br>E-Mail: info@schlichtungsstelle-energie.de.<\/p>\n\n\n\n<p class=\"has-text-align-center\">Der Verbraucherservice der Bundesnetzagentur f\u00fcr den Bereich Elektrizit\u00e4t und Gas stellt<br>Ihnen Informationen \u00fcber das geltende Recht, Ihre Rechte als Haushaltskunde und \u00fcber<br>Streitbeilegungsverfahren f\u00fcr die Bereiche Elektrizit\u00e4t und Gas zur Verf\u00fcgung und ist unter<br>folgenden Kontaktdaten erreichbar:<br>Bundesnetzagentur f\u00fcr Elektrizit\u00e4t, Gas, Telekommunikation, Post und Eisenbahnen;<br>Verbraucherservice, Postfach 8001, 53105 Bonn, Telefon: 030-2 24 80-500 (Mo. \u2013 Fr. von 9.00 Uhr<br>bis 15.00 Uhr) oder 0180-5 10 10 00 (bundesweites Infotelefon; Kosten gem\u00e4\u00df<br>ver\u00f6ffentlichter Informationen der Bundesnetzagentur: dt. Festnetz 14 ct\/Min.; Mobilfunk max. 42 ct\/Min.),<br>Fax: 030-2 24 80-323, E-Mail: verbraucherservice-energie@bnetza.de.<\/p>\n","protected":false},"excerpt":{"rendered":"<p>Schlichtungsstelle Fragen oder Beschwerden im Zusammenhang mit Ihrer Energielieferung k\u00f6nnen per Postan Elektrizit\u00e4tsgenossenschaft Karlstein eG, Weitwiesenring 6, 83435 Bad Reichenhall,telefonisch unter 08651\/9867-0 oder per E-Mail: egkarlstein@t-online.de gerichtet werden. Zur Beilegung von Streitigkeiten kann ein Schlichtungsverfahren bei der SchlichtungsstelleEnergie e.V. beantragt werden. Voraussetzung daf\u00fcr ist, dass zuvor dieElektrizit\u00e4tsgenossenschaft Karlstein eG kontaktiert wurde und keine beidseitigzufriedenstellende L\u00f6sung [&hellip;]<\/p>\n","protected":false},"author":1,"featured_media":0,"parent":0,"menu_order":0,"comment_status":"closed","ping_status":"closed","template":"","meta":{"_acf_changed":false,"content-type":"","footnotes":""},"class_list":["post-79","page","type-page","status-publish","hentry"],"blocksy_meta":[],"acf":[],"_links":{"self":[{"href":"https:\/\/www.eg-karlstein.de\/index.php\/wp-json\/wp\/v2\/pages\/79","targetHints":{"allow":["GET"]}}],"collection":[{"href":"https:\/\/www.eg-karlstein.de\/index.php\/wp-json\/wp\/v2\/pages"}],"about":[{"href":"https:\/\/www.eg-karlstein.de\/index.php\/wp-json\/wp\/v2\/types\/page"}],"author":[{"embeddable":true,"href":"https:\/\/www.eg-karlstein.de\/index.php\/wp-json\/wp\/v2\/users\/1"}],"replies":[{"embeddable":true,"href":"https:\/\/www.eg-karlstein.de\/index.php\/wp-json\/wp\/v2\/comments?post=79"}],"version-history":[{"count":2,"href":"https:\/\/www.eg-karlstein.de\/index.php\/wp-json\/wp\/v2\/pages\/79\/revisions"}],"predecessor-version":[{"id":81,"href":"https:\/\/www.eg-karlstein.de\/index.php\/wp-json\/wp\/v2\/pages\/79\/revisions\/81"}],"wp:attachment":[{"href":"https:\/\/www.eg-karlstein.de\/index.php\/wp-json\/wp\/v2\/media?parent=79"}],"curies":[{"name":"wp","href":"https:\/\/api.w.org\/{rel}","templated":true}]}}