{"id":71,"date":"2024-09-27T10:58:54","date_gmt":"2024-09-27T08:58:54","guid":{"rendered":"http:\/\/www-neu.eg-karlstein.de\/?page_id=71"},"modified":"2024-12-03T14:37:21","modified_gmt":"2024-12-03T13:37:21","slug":"veroeffentlichungen","status":"publish","type":"page","link":"https:\/\/www.eg-karlstein.de\/index.php\/veroeffentlichungen\/","title":{"rendered":"Ver\u00f6ffentlichungen"},"content":{"rendered":"\n<h2 class=\"wp-block-heading has-text-align-center\">Ver\u00f6ffentlichungen Stromlieferant<\/h2>\n\n\n\n<p><strong>Ver\u00f6ffentlichungen f\u00fcr Marktpartner zur Edifact-Kommunikation:<\/strong><\/p>\n\n\n\n<p><\/p>\n\n\n\n<p><a href=\"http:\/\/www.eg-karlstein.de\/wp-content\/uploads\/2024\/09\/Kontaktdatenblatt_Vertrieb_04.11.2023.pdf\" data-type=\"link\" data-id=\"http:\/\/www.eg-karlstein.de\/wp-content\/uploads\/2024\/09\/Kontaktdatenblatt_Vertrieb_04.11.2023.pdf\" target=\"_blank\" rel=\"noreferrer noopener\">Kontaktdatenblatt Lieferant ab dem 01.01.2024<\/a><\/p>\n\n\n\n<p><a href=\"http:\/\/www.eg-karlstein.de\/wp-content\/uploads\/2024\/09\/Karlstein-AS4-Zertifikate-ab-01.04.2024.zip\" data-type=\"link\" data-id=\"http:\/\/www.eg-karlstein.de\/wp-content\/uploads\/2024\/09\/Karlstein-AS4-Zertifikate-ab-01.04.2024.zip\" target=\"_blank\" rel=\"noreferrer noopener\">Zertifikat zur 1:1 Kommunikation<\/a><\/p>\n\n\n\n<hr class=\"wp-block-separator has-alpha-channel-opacity\"\/>\n\n\n\n<p><\/p>\n\n\n\n<p><strong>Gesetze und Verordnungen:<\/strong><\/p>\n\n\n\n<p><strong>Strom GVV \u2013&nbsp; <a href=\"http:\/\/www.gesetze-im-internet.de\/stromgvv\/index.html\" target=\"_blank\" rel=\"noreferrer noopener\">Stromgrundversorgungsverordnung<\/a><\/strong><br>Verordnung \u00fcber Allgemeine Bedingungen f\u00fcr die Grundversorgung von Haushaltskunden und die Ersatzversorgung mit Elektrizit\u00e4t aus dem Niederspannungsnetz<\/p>\n\n\n\n<p><strong>ENWG \u2013<\/strong>&nbsp;<strong> <a href=\"http:\/\/www.gesetze-im-internet.de\/enwg_2005\/index.html\" target=\"_blank\" rel=\"noreferrer noopener\">Energiewirtschaftsgesetz<\/a><\/strong><\/p>\n","protected":false},"excerpt":{"rendered":"<p>Ver\u00f6ffentlichungen Stromlieferant Ver\u00f6ffentlichungen f\u00fcr Marktpartner zur Edifact-Kommunikation: Kontaktdatenblatt Lieferant ab dem 01.01.2024 Zertifikat zur 1:1 Kommunikation Gesetze und Verordnungen: Strom GVV \u2013&nbsp; StromgrundversorgungsverordnungVerordnung \u00fcber Allgemeine Bedingungen f\u00fcr die Grundversorgung von Haushaltskunden und die Ersatzversorgung mit Elektrizit\u00e4t aus dem Niederspannungsnetz ENWG \u2013&nbsp; Energiewirtschaftsgesetz<\/p>\n","protected":false},"author":1,"featured_media":0,"parent":0,"menu_order":0,"comment_status":"closed","ping_status":"closed","template":"","meta":{"_acf_changed":false,"content-type":"","footnotes":""},"class_list":["post-71","page","type-page","status-publish","hentry"],"blocksy_meta":[],"acf":[],"_links":{"self":[{"href":"https:\/\/www.eg-karlstein.de\/index.php\/wp-json\/wp\/v2\/pages\/71","targetHints":{"allow":["GET"]}}],"collection":[{"href":"https:\/\/www.eg-karlstein.de\/index.php\/wp-json\/wp\/v2\/pages"}],"about":[{"href":"https:\/\/www.eg-karlstein.de\/index.php\/wp-json\/wp\/v2\/types\/page"}],"author":[{"embeddable":true,"href":"https:\/\/www.eg-karlstein.de\/index.php\/wp-json\/wp\/v2\/users\/1"}],"replies":[{"embeddable":true,"href":"https:\/\/www.eg-karlstein.de\/index.php\/wp-json\/wp\/v2\/comments?post=71"}],"version-history":[{"count":2,"href":"https:\/\/www.eg-karlstein.de\/index.php\/wp-json\/wp\/v2\/pages\/71\/revisions"}],"predecessor-version":[{"id":333,"href":"https:\/\/www.eg-karlstein.de\/index.php\/wp-json\/wp\/v2\/pages\/71\/revisions\/333"}],"wp:attachment":[{"href":"https:\/\/www.eg-karlstein.de\/index.php\/wp-json\/wp\/v2\/media?parent=71"}],"curies":[{"name":"wp","href":"https:\/\/api.w.org\/{rel}","templated":true}]}}