{"id":65,"date":"2024-09-25T15:27:32","date_gmt":"2024-09-25T13:27:32","guid":{"rendered":"http:\/\/www-neu.eg-karlstein.de\/?page_id=65"},"modified":"2025-07-01T14:33:49","modified_gmt":"2025-07-01T12:33:49","slug":"stromkennzeichnung","status":"publish","type":"page","link":"https:\/\/www.eg-karlstein.de\/index.php\/stromkennzeichnung\/","title":{"rendered":"Stromkennzeichnung"},"content":{"rendered":"\n<h2 class=\"wp-block-heading has-text-align-center\">Stromkennzeichnung<\/h2>\n\n\n\n<p>Anhand der Stromkennzeichnung kann der Strom-Endverbraucher die anteilm\u00e4\u00dfige Aufteilung der Energietr\u00e4ger, aus denen der Strom erzeugt wird, erkennen.<\/p>\n\n\n\n<p>Informationen zum Energietr\u00e4germix mit den entsprechenden Durchschnittswerten:<\/p>\n\n\n\n<p><a href=\"https:\/\/www.eg-karlstein.de\/wp-content\/uploads\/2025\/07\/Stromkennzeichnung_2024.pdf\" data-type=\"link\" data-id=\"https:\/\/www.eg-karlstein.de\/wp-content\/uploads\/2025\/07\/Stromkennzeichnung_2024.pdf\" target=\"_blank\" rel=\"noreferrer noopener\">Stromkennzeichnung 2024<\/a><\/p>\n\n\n\n<p><a href=\"https:\/\/www.eg-karlstein.de\/wp-content\/uploads\/2024\/10\/Stromkennzeichnung_2023.pdf\" target=\"_blank\" rel=\"noreferrer noopener\">Stromkennzeichnung 2023<\/a><\/p>\n\n\n\n<p><a href=\"http:\/\/www.eg-karlstein.de\/wp-content\/uploads\/2024\/09\/Stromkennzeichnung_2023.pdf\" data-type=\"link\" data-id=\"http:\/\/www.eg-karlstein.de\/wp-content\/uploads\/2024\/09\/Stromkennzeichnung_2023.pdf\" target=\"_blank\" rel=\"noreferrer noopener\">Stromkennzeichnung 2022<\/a><\/p>\n\n\n\n<p><\/p>\n","protected":false},"excerpt":{"rendered":"<p>Stromkennzeichnung Anhand der Stromkennzeichnung kann der Strom-Endverbraucher die anteilm\u00e4\u00dfige Aufteilung der Energietr\u00e4ger, aus denen der Strom erzeugt wird, erkennen. Informationen zum Energietr\u00e4germix mit den entsprechenden Durchschnittswerten: Stromkennzeichnung 2024 Stromkennzeichnung 2023 Stromkennzeichnung 2022<\/p>\n","protected":false},"author":1,"featured_media":0,"parent":0,"menu_order":0,"comment_status":"closed","ping_status":"closed","template":"","meta":{"_acf_changed":false,"content-type":"","footnotes":""},"class_list":["post-65","page","type-page","status-publish","hentry"],"blocksy_meta":[],"acf":[],"_links":{"self":[{"href":"https:\/\/www.eg-karlstein.de\/index.php\/wp-json\/wp\/v2\/pages\/65","targetHints":{"allow":["GET"]}}],"collection":[{"href":"https:\/\/www.eg-karlstein.de\/index.php\/wp-json\/wp\/v2\/pages"}],"about":[{"href":"https:\/\/www.eg-karlstein.de\/index.php\/wp-json\/wp\/v2\/types\/page"}],"author":[{"embeddable":true,"href":"https:\/\/www.eg-karlstein.de\/index.php\/wp-json\/wp\/v2\/users\/1"}],"replies":[{"embeddable":true,"href":"https:\/\/www.eg-karlstein.de\/index.php\/wp-json\/wp\/v2\/comments?post=65"}],"version-history":[{"count":10,"href":"https:\/\/www.eg-karlstein.de\/index.php\/wp-json\/wp\/v2\/pages\/65\/revisions"}],"predecessor-version":[{"id":399,"href":"https:\/\/www.eg-karlstein.de\/index.php\/wp-json\/wp\/v2\/pages\/65\/revisions\/399"}],"wp:attachment":[{"href":"https:\/\/www.eg-karlstein.de\/index.php\/wp-json\/wp\/v2\/media?parent=65"}],"curies":[{"name":"wp","href":"https:\/\/api.w.org\/{rel}","templated":true}]}}