{"id":372,"date":"2025-06-11T14:29:03","date_gmt":"2025-06-11T12:29:03","guid":{"rendered":"https:\/\/www.eg-karlstein.de\/?page_id=372"},"modified":"2025-07-03T11:28:01","modified_gmt":"2025-07-03T09:28:01","slug":"auszug-umzug-melden","status":"publish","type":"page","link":"https:\/\/www.eg-karlstein.de\/index.php\/auszug-umzug-melden\/","title":{"rendered":"Auszug\/Umzug melden"},"content":{"rendered":"\n<figure class=\"wp-block-image aligncenter size-large\"><img loading=\"lazy\" decoding=\"async\" width=\"1024\" height=\"682\" src=\"https:\/\/www.eg-karlstein.de\/wp-content\/uploads\/2025\/06\/Karton-1024x682.jpg\" alt=\"\" class=\"wp-image-380\" srcset=\"https:\/\/www.eg-karlstein.de\/wp-content\/uploads\/2025\/06\/Karton-1024x682.jpg 1024w, https:\/\/www.eg-karlstein.de\/wp-content\/uploads\/2025\/06\/Karton-300x200.jpg 300w, https:\/\/www.eg-karlstein.de\/wp-content\/uploads\/2025\/06\/Karton-768x512.jpg 768w, https:\/\/www.eg-karlstein.de\/wp-content\/uploads\/2025\/06\/Karton.jpg 1280w\" sizes=\"auto, (max-width: 1024px) 100vw, 1024px\" \/><\/figure>\n\n\n\n<h6 class=\"wp-block-heading\">Hinweis: Neue gesetzliche Regelung beim Umzug ab Juni 2025:<\/h6>\n\n\n\n<p>Ab dem<strong> 6. Juni 2025<\/strong> gilt eine wichtige Neuerung: Wenn du umziehst, musst du deinen Stromversorger rechtzeitig VOR dem Umzug informieren. Eine nachtr\u00e4gliche Meldung deines Umzugs ist nicht mehr m\u00f6glich.<\/p>\n\n\n\n<p>Weitere Infos erh\u00e4ltst du <a href=\"https:\/\/www.eg-karlstein.de\/index.php\/2025\/06\/11\/neue-gesetzliche-regelung-beim-umzug-ab-juni-2025\/\" data-type=\"post\" data-id=\"376\" target=\"_blank\" rel=\"noreferrer noopener\">hier<\/a>.<\/p>\n\n\n\n<p><\/p>\n\n\n\n<p><\/p>\n\n\n\n<div class=\"wp-block-leadin-hubspot-form-block\">\n\t\t\t\t\t\t<script>\n\t\t\t\t\t\t\twindow.hsFormsOnReady = window.hsFormsOnReady || [];\n\t\t\t\t\t\t\twindow.hsFormsOnReady.push(()=>{\n\t\t\t\t\t\t\t\thbspt.forms.create({\n\t\t\t\t\t\t\t\t\tportalId: 47603219,\n\t\t\t\t\t\t\t\t\tformId: \"ca812128-28ad-4ac1-b2d3-4d88d7c9e9d4\",\n\t\t\t\t\t\t\t\t\ttarget: \"#hbspt-form-1776031930000-4610084081\",\n\t\t\t\t\t\t\t\t\tregion: \"na1\",\n\t\t\t\t\t\t\t\t\t\n\t\t\t\t\t\t\t})});\n\t\t\t\t\t\t<\/script>\n\t\t\t\t\t\t<div class=\"hbspt-form\" id=\"hbspt-form-1776031930000-4610084081\"><\/div><\/div>\n","protected":false},"excerpt":{"rendered":"<p>Hinweis: Neue gesetzliche Regelung beim Umzug ab Juni 2025: Ab dem 6. Juni 2025 gilt eine wichtige Neuerung: Wenn du umziehst, musst du deinen Stromversorger rechtzeitig VOR dem Umzug informieren. Eine nachtr\u00e4gliche Meldung deines Umzugs ist nicht mehr m\u00f6glich. Weitere Infos erh\u00e4ltst du hier.<\/p>\n","protected":false},"author":1,"featured_media":0,"parent":0,"menu_order":0,"comment_status":"closed","ping_status":"closed","template":"","meta":{"_acf_changed":false,"content-type":"","footnotes":""},"class_list":["post-372","page","type-page","status-publish","hentry"],"blocksy_meta":[],"acf":[],"_links":{"self":[{"href":"https:\/\/www.eg-karlstein.de\/index.php\/wp-json\/wp\/v2\/pages\/372","targetHints":{"allow":["GET"]}}],"collection":[{"href":"https:\/\/www.eg-karlstein.de\/index.php\/wp-json\/wp\/v2\/pages"}],"about":[{"href":"https:\/\/www.eg-karlstein.de\/index.php\/wp-json\/wp\/v2\/types\/page"}],"author":[{"embeddable":true,"href":"https:\/\/www.eg-karlstein.de\/index.php\/wp-json\/wp\/v2\/users\/1"}],"replies":[{"embeddable":true,"href":"https:\/\/www.eg-karlstein.de\/index.php\/wp-json\/wp\/v2\/comments?post=372"}],"version-history":[{"count":11,"href":"https:\/\/www.eg-karlstein.de\/index.php\/wp-json\/wp\/v2\/pages\/372\/revisions"}],"predecessor-version":[{"id":425,"href":"https:\/\/www.eg-karlstein.de\/index.php\/wp-json\/wp\/v2\/pages\/372\/revisions\/425"}],"wp:attachment":[{"href":"https:\/\/www.eg-karlstein.de\/index.php\/wp-json\/wp\/v2\/media?parent=372"}],"curies":[{"name":"wp","href":"https:\/\/api.w.org\/{rel}","templated":true}]}}