{"id":30,"date":"2024-09-25T10:20:10","date_gmt":"2024-09-25T08:20:10","guid":{"rendered":"http:\/\/www-neu.eg-karlstein.de\/?page_id=30"},"modified":"2024-10-07T11:51:31","modified_gmt":"2024-10-07T09:51:31","slug":"ueber-uns","status":"publish","type":"page","link":"https:\/\/www.eg-karlstein.de\/index.php\/ueber-uns\/","title":{"rendered":"\u00dcber uns"},"content":{"rendered":"\n<h2 class=\"wp-block-heading has-text-align-center\">\u00dcber uns<\/h2>\n\n\n\n<p>Die Elektrizit\u00e4tsgenossenschaft Karlstein eG (EGK) wurde im Jahr 1918 gegr\u00fcndet und ist im Gebiet der im Jahr 1978 nach Bad Reichenhall eingemeindeten Gemeinde Karlstein \u2013 dem jetzigen Ortsteil Karlstein \u2013 t\u00e4tig.<\/p>\n\n\n\n<figure class=\"wp-block-image alignleft size-full is-resized\"><img loading=\"lazy\" decoding=\"async\" width=\"727\" height=\"485\" src=\"http:\/\/www-neu.eg-karlstein.de\/wp-content\/uploads\/2024\/10\/Karlstein-ausgeblichener-Rand3.png\" alt=\"\" class=\"wp-image-191\" style=\"width:322px;height:auto\" srcset=\"https:\/\/www.eg-karlstein.de\/wp-content\/uploads\/2024\/10\/Karlstein-ausgeblichener-Rand3.png 727w, https:\/\/www.eg-karlstein.de\/wp-content\/uploads\/2024\/10\/Karlstein-ausgeblichener-Rand3-300x200.png 300w\" sizes=\"auto, (max-width: 727px) 100vw, 727px\" \/><\/figure>\n\n\n\n<p>Bereits vor dem Ersten Weltkrieg dachte man daran, f\u00fcr Karlstein eine elektrische Versorgungsanlage zu erstellen, doch durch den Ausbruch des Krieges wurde der Plan zur\u00fcckgestellt. Erst im Herbst 1918 war es nach vielen Verhandlungen m\u00f6glich, mit dem Bau zu beginnen. Am 15.03.1918, nachmittags um 16 Uhr, brannte beim Blaserbauern das erste elektrische Licht. Am 30.04.1918 war dann die gesamte Anlage fertiggestellt. Um die Finanzierung zu erm\u00f6glichen, gr\u00fcndeten 44 Insteressenten am 20.08.1918 die Elektrizit\u00e4tsgenossenschaft Karlstein und w\u00e4hlten Herrn Georg Fuchs zum Ersten Vorstand, H. Eichner erhielt das Amt des Zweiten Vorstandes. Am 07.03.1921 erfolgte der Anschluss der Gemeinde Inzell. Bei der Gr\u00fcndung z\u00e4hlte die Genossenschaft 656 Stromabnehmer, heute sind es weit mehr als 1.000.<\/p>\n\n\n\n<p>Das Leitungsnetz umfasst derzeit einige Kilometer an Hoch- und Niederspannungsleitungen.<\/p>\n\n\n\n<h4 class=\"wp-block-heading\">Mehr zur Geschichte:<\/h4>\n\n\n\n<p><strong>1919:<\/strong> Da es seinerzeit keine weiteren Anschlu\u00dfm\u00f6glichkeiten gab, erfolgte der Netzanschlu\u00df aus dem staatlichen Saalachkraftwerk Bad Reichenhall. Es wurden die ersten Versorgunganlagen errichtet.<\/p>\n\n\n\n<p><strong>1921:<\/strong> Der \u201eVertrag \u00fcber die Lieferung elektrischer Arbeit aus dem staatlichen Saalachkraftwerk Bad Reichenhall durch die Elektrizit\u00e4tsgenossenschaft Karlstein an die Elektrizit\u00e4tsgenossenschaft Inzell\u201c wurde am 01. Juli 1921 unterzeichnet.<\/p>\n\n\n\n<p><strong>1922:<\/strong> Gemeinsamer Stromliefervertrag mit Inzell: Aus dem Saalachkraftwerk erfolgte nun auch die Versorgung der im Jahr 1921 gegr\u00fcndeten Elektrizit\u00e4tsgenossenschaft Inzell, der jetzigen Stromversorgung Inzell eG, welche die elektrische Energie \u00fcber die \u201eJochbergleitung\u201c mit einer Spannung von 20 000 Volt geliefert bekam.<\/p>\n\n\n\n<p><strong>Ab 1939-1945:<\/strong> Rohstoffmangel und Schwierigkeiten bei der Materialbeschaffung w\u00e4hrend des 2. Krieges u.a. zum Ausbau der Kupferleitungen<\/p>\n\n\n\n<p><strong>1953-1956:<\/strong> Zur Hebung der Wirtschaft wurde ein Lastkraftwagen Borgward B 4000 mit Meiller-Kipper in Auftrag gegeben, welcher gegen entsprechende Bezahlung jedermann zur Verf\u00fcgung stand. Weitere Anschaffungen waren z.B. der Ankauf von Obstbaumspritzen und einer Betonmaschine, sowie einer Wiesenwalze<\/p>\n\n\n\n<p><strong>1960:<\/strong> Ein Stromversorgungsvertrag wurde zwischen den Elektrizit\u00e4tsgenossenschaften Karlstein und Inzell\/Obb. und der Aktiengesellschaft f\u00fcr Licht- und Kraftversorgung M\u00fcnchen (LUK M\u00fcnchen) als Eigent\u00fcmerin der \u00dcberlandzentrale Laufen\/Obb. Geschlossen, um die Leistungsbereitstellung und Qualit\u00e4t der gelieferten Elektrizit\u00e4t sicherzustellen, die durch das Saalachkraftwerk nicht mehr gerecht werden konnte.<\/p>\n\n\n\n<p><strong>1961:<\/strong> Der langj\u00e4hrige Vorstandsvorsitzende Georg Fuchs \/ Thomabauer verstirbt am 13.04.1961.<\/p>\n\n\n\n<p><strong>Ab 1961: <\/strong>Umfangreiche Bauma\u00dfnahmen am Leitungsnetz, sowohl in der 20 000 Volt Mittelspannung, als auch in der 400 Volt Niederspannung mit dem Neubau von Ortsnetztransformatorenstationen, aufgrund stetigem Neubauzuwachs.<\/p>\n\n\n\n<p><strong>1967:<\/strong> Das \u201eWohnhaus mit Lagerraum\u201c in der Hainbuchenstra\u00dfe 20 in Karlstein wurde k\u00e4uflich erworben. Durch diesen Kauf konnte das Materiallager vom 1954 erworbenen Geb\u00e4ude \u201eGarage mit Lagerraum\u201c (jetzige Adresse Thumseestra\u00dfe 45) in das wesentlich Gr\u00f6\u00dfere Geb\u00e4ude in der Hainbuchenstra\u00dfe verlegt werden.<\/p>\n\n\n\n<p><strong>1974\/1975:<\/strong> Neubau der 20 000 Volt Freileitung Richtung Thumsee<\/p>\n\n\n\n<p><strong>1964 + 1970:<\/strong> Die 2 Regeltransformatoren, welche zur Anhebung der Netzspannung bei starker Netzbelastung eingebaut wurden, konnten au\u00dfer Betrieb genommen werden.<\/p>\n\n\n\n<p><strong>1983, 1984 und 1985: <\/strong>Weiterer Ausbau des Netzes aufgrund weiterer, stromintensiver Neubauten<\/p>\n\n\n\n<p><strong>1989<\/strong>: Es erfolgte der Kauf des Anwesens Weitwiesenring 6 als Erg\u00e4nzung zum bereits bestehenden Anwesen Hainbuchenstra\u00dfe 20.<\/p>\n\n\n\n<p><strong>1991: <\/strong>Die Firma Elektro Kagerer, die als langj\u00e4hriger Partner alle anfallenden Arbeiten im technischen Bereich \u00fcbernommen hat, gab im Jahr 1991 ihren Betrieb auf und wurde durch den Elektromeister Herrn Christian Aschauer jun., ersetzt.<\/p>\n\n\n\n<p><strong>1991-1994: <\/strong>Komplettumbau des Geb\u00e4udes in Werkstatt- und B\u00fcror\u00e4ume.<\/p>\n\n\n\n<p><strong>1992-1994:<\/strong> Verkabelung des 400 Volt Freileitungs-Ortsnetzes im Ortskern Karlstein (Staufenstra\u00dfe, Sankt-Pankraz-Stra\u00dfe und Zwieselstra\u00dfe) in Zusammenhang mit Kanalbauma\u00dfnahmen.<\/p>\n\n\n\n<p><strong>1998: <\/strong>Das Gesetz zur \u201eNeuregelung des Energiewirtschaftsrechtes zur Umsetzung der Richtlinie 96\/92 des Europ\u00e4ischen Parlaments&#8230; usw.\u201c wurde verabschiedet. Dies war der Beginn der \u201eLiberalisierung\u201c der Energiem\u00e4rkte.<\/p>\n\n\n\n<p><strong>2000: <\/strong>Auf dem Dach der eigenen Werkstatt wurde die erste eigene Photovoltaikanlage im Netzgebiet der Genossenschaft in Betrieb genommen.<\/p>\n\n\n\n<p><strong>2008: <\/strong>Am 08.09.2008 bzw. 03.10.2008 verstarben kurz nacheinander die langj\u00e4hrigen Gestalter der Genossenschaft Sebastian Fuchs sen. und Georg Leitner (Nonn 87).<\/p>\n\n\n\n<p><strong>2004-2008: <\/strong>Durch Verlegung von 20.000 Volt Kabeln zwischen den Transformatorenstationen Nonn Oberland und Thumsee Panholz mit Neubau der Transformatorenstationen Meindl und Langacker konnte die Anbindung des Bereiches Thumsee mittels Ringverbindung, u.a. zur Erh\u00f6hung der Versorgungssicherheit, aber auch zur Vermeidung aufwendiger Nachr\u00fcstungen an der 20.000 Volt Freileitung bzw. den Maststationen hinsichtlich Vogel- bzw. Gew\u00e4sserschutz, realisiert werden.<\/p>\n\n\n\n<p><strong>Ab 2008: <\/strong>Weitere Instandhaltungen des Netzes folgen<\/p>\n\n\n\n<h4 class=\"wp-block-heading has-text-align-center\"><strong>Fotogalerie:<\/strong><\/h4>\n\n\n\n<h4 class=\"wp-block-heading alignwide\"><\/h4>\n\n\n\n<figure class=\"wp-block-gallery has-nested-images columns-default is-cropped wp-block-gallery-1 is-layout-flex wp-block-gallery-is-layout-flex\">\n<figure class=\"wp-block-image size-large\"><img loading=\"lazy\" decoding=\"async\" width=\"476\" height=\"655\" data-id=\"157\" src=\"http:\/\/www-neu.eg-karlstein.de\/wp-content\/uploads\/2024\/10\/Trafostation-Panholz-Aufstellung.png\" alt=\"\" class=\"wp-image-157\" srcset=\"https:\/\/www.eg-karlstein.de\/wp-content\/uploads\/2024\/10\/Trafostation-Panholz-Aufstellung.png 476w, https:\/\/www.eg-karlstein.de\/wp-content\/uploads\/2024\/10\/Trafostation-Panholz-Aufstellung-218x300.png 218w\" sizes=\"auto, (max-width: 476px) 100vw, 476px\" \/><figcaption class=\"wp-element-caption\">Trafostation Panholz Aufstellung<\/figcaption><\/figure>\n\n\n\n<figure class=\"wp-block-image size-large\"><img loading=\"lazy\" decoding=\"async\" width=\"1024\" height=\"527\" data-id=\"156\" src=\"http:\/\/www-neu.eg-karlstein.de\/wp-content\/uploads\/2024\/10\/Trafostation-Nonn-Oberland-1996-1024x527.png\" alt=\"\" class=\"wp-image-156\" srcset=\"https:\/\/www.eg-karlstein.de\/wp-content\/uploads\/2024\/10\/Trafostation-Nonn-Oberland-1996-1024x527.png 1024w, https:\/\/www.eg-karlstein.de\/wp-content\/uploads\/2024\/10\/Trafostation-Nonn-Oberland-1996-300x155.png 300w, https:\/\/www.eg-karlstein.de\/wp-content\/uploads\/2024\/10\/Trafostation-Nonn-Oberland-1996-768x396.png 768w, https:\/\/www.eg-karlstein.de\/wp-content\/uploads\/2024\/10\/Trafostation-Nonn-Oberland-1996.png 1029w\" sizes=\"auto, (max-width: 1024px) 100vw, 1024px\" \/><figcaption class=\"wp-element-caption\">Trafostation Nonn Oberland 1996<\/figcaption><\/figure>\n\n\n\n<figure class=\"wp-block-image size-large\"><img loading=\"lazy\" decoding=\"async\" width=\"1024\" height=\"601\" data-id=\"155\" src=\"http:\/\/www-neu.eg-karlstein.de\/wp-content\/uploads\/2024\/10\/Trafostation-Meindl-2004-2008-1024x601.png\" alt=\"\" class=\"wp-image-155\" srcset=\"https:\/\/www.eg-karlstein.de\/wp-content\/uploads\/2024\/10\/Trafostation-Meindl-2004-2008-1024x601.png 1024w, https:\/\/www.eg-karlstein.de\/wp-content\/uploads\/2024\/10\/Trafostation-Meindl-2004-2008-300x176.png 300w, https:\/\/www.eg-karlstein.de\/wp-content\/uploads\/2024\/10\/Trafostation-Meindl-2004-2008-768x451.png 768w, https:\/\/www.eg-karlstein.de\/wp-content\/uploads\/2024\/10\/Trafostation-Meindl-2004-2008.png 1125w\" sizes=\"auto, (max-width: 1024px) 100vw, 1024px\" \/><figcaption class=\"wp-element-caption\">Trafostation Langacker 2004-2008<\/figcaption><\/figure>\n\n\n\n<figure class=\"wp-block-image size-large\"><img loading=\"lazy\" decoding=\"async\" width=\"1024\" height=\"568\" data-id=\"154\" src=\"http:\/\/www-neu.eg-karlstein.de\/wp-content\/uploads\/2024\/10\/Trafostation-Langacker-2004.2008-1024x568.png\" alt=\"\" class=\"wp-image-154\" srcset=\"https:\/\/www.eg-karlstein.de\/wp-content\/uploads\/2024\/10\/Trafostation-Langacker-2004.2008-1024x568.png 1024w, https:\/\/www.eg-karlstein.de\/wp-content\/uploads\/2024\/10\/Trafostation-Langacker-2004.2008-300x166.png 300w, https:\/\/www.eg-karlstein.de\/wp-content\/uploads\/2024\/10\/Trafostation-Langacker-2004.2008-768x426.png 768w, https:\/\/www.eg-karlstein.de\/wp-content\/uploads\/2024\/10\/Trafostation-Langacker-2004.2008.png 1128w\" sizes=\"auto, (max-width: 1024px) 100vw, 1024px\" \/><figcaption class=\"wp-element-caption\">Trafostationserrichtung Langacker 2004-2008<\/figcaption><\/figure>\n\n\n\n<figure class=\"wp-block-image size-large\"><img loading=\"lazy\" decoding=\"async\" width=\"608\" height=\"739\" data-id=\"153\" src=\"http:\/\/www-neu.eg-karlstein.de\/wp-content\/uploads\/2024\/10\/Monteure-bei-NS-Trafo.png\" alt=\"\" class=\"wp-image-153\" srcset=\"https:\/\/www.eg-karlstein.de\/wp-content\/uploads\/2024\/10\/Monteure-bei-NS-Trafo.png 608w, https:\/\/www.eg-karlstein.de\/wp-content\/uploads\/2024\/10\/Monteure-bei-NS-Trafo-247x300.png 247w\" sizes=\"auto, (max-width: 608px) 100vw, 608px\" \/><figcaption class=\"wp-element-caption\">Monteure an einer Niederspannungstrafostation<\/figcaption><\/figure>\n\n\n\n<figure class=\"wp-block-image size-large\"><img loading=\"lazy\" decoding=\"async\" width=\"474\" height=\"659\" data-id=\"151\" src=\"http:\/\/www-neu.eg-karlstein.de\/wp-content\/uploads\/2024\/10\/Bau-Thumseeleitung.png\" alt=\"\" class=\"wp-image-151\" srcset=\"https:\/\/www.eg-karlstein.de\/wp-content\/uploads\/2024\/10\/Bau-Thumseeleitung.png 474w, https:\/\/www.eg-karlstein.de\/wp-content\/uploads\/2024\/10\/Bau-Thumseeleitung-216x300.png 216w\" sizes=\"auto, (max-width: 474px) 100vw, 474px\" \/><figcaption class=\"wp-element-caption\">Bau Thumseeleitung mit Bundeswehrunterst\u00fctzung<\/figcaption><\/figure>\n\n\n\n<figure class=\"wp-block-image size-large\"><img loading=\"lazy\" decoding=\"async\" width=\"495\" height=\"679\" data-id=\"152\" src=\"http:\/\/www-neu.eg-karlstein.de\/wp-content\/uploads\/2024\/10\/Dachstaender-ausser-Betrieb.png\" alt=\"\" class=\"wp-image-152\" srcset=\"https:\/\/www.eg-karlstein.de\/wp-content\/uploads\/2024\/10\/Dachstaender-ausser-Betrieb.png 495w, https:\/\/www.eg-karlstein.de\/wp-content\/uploads\/2024\/10\/Dachstaender-ausser-Betrieb-219x300.png 219w\" sizes=\"auto, (max-width: 495px) 100vw, 495px\" \/><figcaption class=\"wp-element-caption\">Dachst\u00e4nder (au\u00dfer Betrieb)<\/figcaption><\/figure>\n\n\n\n<figure class=\"wp-block-image size-large\"><img loading=\"lazy\" decoding=\"async\" width=\"479\" height=\"659\" data-id=\"150\" src=\"http:\/\/www-neu.eg-karlstein.de\/wp-content\/uploads\/2024\/10\/Bau-Thumseeleitng-mit-Bundeswehrhilfe.png\" alt=\"\" class=\"wp-image-150\" srcset=\"https:\/\/www.eg-karlstein.de\/wp-content\/uploads\/2024\/10\/Bau-Thumseeleitng-mit-Bundeswehrhilfe.png 479w, https:\/\/www.eg-karlstein.de\/wp-content\/uploads\/2024\/10\/Bau-Thumseeleitng-mit-Bundeswehrhilfe-218x300.png 218w\" sizes=\"auto, (max-width: 479px) 100vw, 479px\" \/><figcaption class=\"wp-element-caption\">Bau Thumseeleitung mit Bundeswehrunterst\u00fctzung<\/figcaption><\/figure>\n<\/figure>\n\n\n\n<figure class=\"wp-block-image size-large\"><img loading=\"lazy\" decoding=\"async\" width=\"476\" height=\"658\" src=\"http:\/\/www-neu.eg-karlstein.de\/wp-content\/uploads\/2024\/10\/Trafostation-Panholz.png\" alt=\"\" class=\"wp-image-158\" srcset=\"https:\/\/www.eg-karlstein.de\/wp-content\/uploads\/2024\/10\/Trafostation-Panholz.png 476w, https:\/\/www.eg-karlstein.de\/wp-content\/uploads\/2024\/10\/Trafostation-Panholz-217x300.png 217w\" sizes=\"auto, (max-width: 476px) 100vw, 476px\" \/><figcaption class=\"wp-element-caption\">Trafostation Panholz Lieferung<\/figcaption><\/figure>\n","protected":false},"excerpt":{"rendered":"<p>\u00dcber uns Die Elektrizit\u00e4tsgenossenschaft Karlstein eG (EGK) wurde im Jahr 1918 gegr\u00fcndet und ist im Gebiet der im Jahr 1978 nach Bad Reichenhall eingemeindeten Gemeinde Karlstein \u2013 dem jetzigen Ortsteil Karlstein \u2013 t\u00e4tig. Bereits vor dem Ersten Weltkrieg dachte man daran, f\u00fcr Karlstein eine elektrische Versorgungsanlage zu erstellen, doch durch den Ausbruch des Krieges wurde [&hellip;]<\/p>\n","protected":false},"author":1,"featured_media":182,"parent":0,"menu_order":0,"comment_status":"closed","ping_status":"closed","template":"","meta":{"_acf_changed":false,"content-type":"","footnotes":""},"class_list":["post-30","page","type-page","status-publish","has-post-thumbnail","hentry"],"blocksy_meta":[],"acf":[],"_links":{"self":[{"href":"https:\/\/www.eg-karlstein.de\/index.php\/wp-json\/wp\/v2\/pages\/30","targetHints":{"allow":["GET"]}}],"collection":[{"href":"https:\/\/www.eg-karlstein.de\/index.php\/wp-json\/wp\/v2\/pages"}],"about":[{"href":"https:\/\/www.eg-karlstein.de\/index.php\/wp-json\/wp\/v2\/types\/page"}],"author":[{"embeddable":true,"href":"https:\/\/www.eg-karlstein.de\/index.php\/wp-json\/wp\/v2\/users\/1"}],"replies":[{"embeddable":true,"href":"https:\/\/www.eg-karlstein.de\/index.php\/wp-json\/wp\/v2\/comments?post=30"}],"version-history":[{"count":10,"href":"https:\/\/www.eg-karlstein.de\/index.php\/wp-json\/wp\/v2\/pages\/30\/revisions"}],"predecessor-version":[{"id":192,"href":"https:\/\/www.eg-karlstein.de\/index.php\/wp-json\/wp\/v2\/pages\/30\/revisions\/192"}],"wp:featuredmedia":[{"embeddable":true,"href":"https:\/\/www.eg-karlstein.de\/index.php\/wp-json\/wp\/v2\/media\/182"}],"wp:attachment":[{"href":"https:\/\/www.eg-karlstein.de\/index.php\/wp-json\/wp\/v2\/media?parent=30"}],"curies":[{"name":"wp","href":"https:\/\/api.w.org\/{rel}","templated":true}]}}