{"id":24,"date":"2024-09-25T10:19:01","date_gmt":"2024-09-25T08:19:01","guid":{"rendered":"http:\/\/www-neu.eg-karlstein.de\/?page_id=24"},"modified":"2024-10-09T14:29:05","modified_gmt":"2024-10-09T12:29:05","slug":"impressum","status":"publish","type":"page","link":"https:\/\/www.eg-karlstein.de\/index.php\/impressum\/","title":{"rendered":"Impressum"},"content":{"rendered":"\n<h2 class=\"wp-block-heading has-text-align-center\">Impressum<\/h2>\n\n\n\n<p><strong>Herausgeber und verantwortlich f\u00fcr den Inhalt:<\/strong><\/p>\n\n\n\n<p>Angaben gem\u00e4\u00df \u00a7 5 TMG:<\/p>\n\n\n\n<p><strong>Elektrizit\u00e4tsgenossenschaft Karlstein eG<br>Weitwiesenring 6<br>83435 Bad Reichenhall<\/strong><\/p>\n\n\n\n<p><strong>Kontakt:<br><br><\/strong>Telefon: +49 (0) 8651 98670<br>Telefax: +49 (0) 8651 986732<br>E-Mail: egkarlstein@t-online.de<\/p>\n\n\n\n<p><strong>Vertretungsberechtigte:<br><\/strong>Vorstand:<br>Martin Schoberth, Vorsitzender<\/p>\n\n\n\n<p>Monika K\u00f6tzinger, gesch\u00e4ftsf\u00fchrender Vorstand<br>Rudolf Potschacher-Eisl<\/p>\n\n\n\n<p><strong>Eintragung im Genossenschaftsregister<\/strong>:<br>Registergericht: Amtsgericht Traunstein<br>Registernummer: GRB-Nr. 134<\/p>\n\n\n\n<p><strong>Zust\u00e4ndiger Pr\u00fcfungsverband:<br><\/strong>Genossenschaftsverband Bayern e.V., T\u00fcrkenstr. 22-24, 80333 M\u00fcnchen<\/p>\n\n\n\n<p><strong>Umsatzsteuer-ID:<br><\/strong>Umsatzsteuer-Identifikationsnummer gem\u00e4\u00df \u00a727 a Umsatzsteuergesetz:<br>DE 131 565 629<\/p>\n\n\n\n<p><strong>Gewerbeaufsichtsamt<\/strong>:<br>Regierung von Oberbayern, He\u00dfstr. 130, 80797 M\u00fcnchen<\/p>\n\n\n\n<p><strong>Kammer:<br><\/strong>IHK f\u00fcr M\u00fcnchen und Oberbayern, 80323 M\u00fcnchen<\/p>\n\n\n\n<p><strong>Berufsgenossenschaft:<\/strong><br>BG ETEM Energie Textil Elektro Medienerzeugnisse,<br>Postfach 510580, 50941 K\u00f6ln<\/p>\n\n\n\n<p><strong>Hinweis auf EU-Streitschlichtung<\/strong>:<br>Die Europ\u00e4ische Kommission stellt eine Plattform zur Online-Streitbeilegung (OS) bereit:<br><a href=\"http:\/\/ec.europa.eu\/consumers\/odr\">http:\/\/ec.europa.eu\/consumers\/odr<\/a><br>Unsere E-Mail-Adresse finden sie oben im Impressum.<\/p>\n\n\n\n<p><strong>Haftung f\u00fcr Inhalte<br><\/strong>Als Diensteanbieter sind wir gem\u00e4\u00df \u00a7 7 Abs.1 TMG f\u00fcr eigene Inhalte auf diesen Seiten nach den allgemeinen Gesetzen verantwortlich. Nach \u00a7\u00a7 8 bis 10 TMG sind wir als Diensteanbieter jedoch nicht verpflichtet, \u00fcbermittelte oder gespeicherte fremde Informationen zu \u00fcberwachen oder nach Umst\u00e4nden zu forschen, die auf eine rechtswidrige T\u00e4tigkeit hinweisen.<\/p>\n\n\n\n<p>Verpflichtungen zur Entfernung oder Sperrung der Nutzung von Informationen nach den allgemeinen Gesetzen bleiben hiervon unber\u00fchrt. Eine diesbez\u00fcgliche Haftung ist jedoch erst ab dem Zeitpunkt der Kenntnis einer konkreten Rechtsverletzung m\u00f6glich. Bei Bekanntwerden von entsprechenden Rechtsverletzungen werden wir diese Inhalte umgehend entfernen.<\/p>\n\n\n\n<p><strong>Haftung f\u00fcr Links<br><\/strong>Unser Angebot enth\u00e4lt Links zu externen Webseiten Dritter, auf deren Inhalte wir keinen Einfluss haben. Deshalb k\u00f6nnen wir f\u00fcr diese fremden Inhalte auch keine Gew\u00e4hr \u00fcbernehmen. F\u00fcr die Inhalte der verlinkten Seiten ist stets der jeweilige Anbieter oder Betreiber der Seiten verantwortlich. Die verlinkten Seiten wurden zum Zeitpunkt der Verlinkung auf m\u00f6gliche Rechtsverst\u00f6\u00dfe \u00fcberpr\u00fcft. Rechtswidrige Inhalte waren zum Zeitpunkt der Verlinkung nicht erkennbar.<\/p>\n\n\n\n<p>Eine permanente inhaltliche Kontrolle der verlinkten Seiten ist jedoch ohne konkrete Anhaltspunkte einer Rechtsverletzung nicht zumutbar. Bei Bekanntwerden von Rechtsverletzungen werden wir derartige Links umgehend entfernen.<\/p>\n\n\n\n<p><strong>Urheberrecht<br><\/strong>Die durch die Seitenbetreiber erstellten Inhalte und Werke auf diesen Seiten unterliegen dem deutschen Urheberrecht. Die Vervielf\u00e4ltigung, Bearbeitung, Verbreitung und jede Art der Verwertung au\u00dferhalb der Grenzen des Urheberrechtes bed\u00fcrfen der schriftlichen Zustimmung des jeweiligen Autors bzw. Erstellers. Downloads und Kopien dieser Seite sind nur f\u00fcr den privaten, nicht kommerziellen Gebrauch gestattet.<\/p>\n\n\n\n<p>Soweit die Inhalte auf dieser Seite nicht vom Betreiber erstellt wurden, werden die Urheberrechte Dritter beachtet. Insbesondere werden Inhalte Dritter als solche gekennzeichnet. Sollten Sie trotzdem auf eine Urheberrechtsverletzung aufmerksam werden, bitten wir um einen entsprechenden Hinweis. Bei Bekanntwerden von Rechtsverletzungen werden wir derartige Inhalte umgehend entfernen.<\/p>\n\n\n\n<p>Quelle: <a href=\"https:\/\/www.e-recht24.de\/impressum-generator.html\">https:\/\/www.e-recht24.de\/impressum-generator.html<\/a><\/p>\n\n\n\n<p><\/p>\n\n\n\n<p><\/p>\n","protected":false},"excerpt":{"rendered":"<p>Impressum Herausgeber und verantwortlich f\u00fcr den Inhalt: Angaben gem\u00e4\u00df \u00a7 5 TMG: Elektrizit\u00e4tsgenossenschaft Karlstein eGWeitwiesenring 683435 Bad Reichenhall Kontakt: Telefon: +49 (0) 8651 98670Telefax: +49 (0) 8651 986732E-Mail: egkarlstein@t-online.de Vertretungsberechtigte:Vorstand:Martin Schoberth, Vorsitzender Monika K\u00f6tzinger, gesch\u00e4ftsf\u00fchrender VorstandRudolf Potschacher-Eisl Eintragung im Genossenschaftsregister:Registergericht: Amtsgericht TraunsteinRegisternummer: GRB-Nr. 134 Zust\u00e4ndiger Pr\u00fcfungsverband:Genossenschaftsverband Bayern e.V., T\u00fcrkenstr. 22-24, 80333 M\u00fcnchen Umsatzsteuer-ID:Umsatzsteuer-Identifikationsnummer gem\u00e4\u00df \u00a727 [&hellip;]<\/p>\n","protected":false},"author":1,"featured_media":0,"parent":0,"menu_order":0,"comment_status":"closed","ping_status":"closed","template":"","meta":{"_acf_changed":false,"content-type":"","footnotes":""},"class_list":["post-24","page","type-page","status-publish","hentry"],"blocksy_meta":[],"acf":[],"_links":{"self":[{"href":"https:\/\/www.eg-karlstein.de\/index.php\/wp-json\/wp\/v2\/pages\/24","targetHints":{"allow":["GET"]}}],"collection":[{"href":"https:\/\/www.eg-karlstein.de\/index.php\/wp-json\/wp\/v2\/pages"}],"about":[{"href":"https:\/\/www.eg-karlstein.de\/index.php\/wp-json\/wp\/v2\/types\/page"}],"author":[{"embeddable":true,"href":"https:\/\/www.eg-karlstein.de\/index.php\/wp-json\/wp\/v2\/users\/1"}],"replies":[{"embeddable":true,"href":"https:\/\/www.eg-karlstein.de\/index.php\/wp-json\/wp\/v2\/comments?post=24"}],"version-history":[{"count":4,"href":"https:\/\/www.eg-karlstein.de\/index.php\/wp-json\/wp\/v2\/pages\/24\/revisions"}],"predecessor-version":[{"id":249,"href":"https:\/\/www.eg-karlstein.de\/index.php\/wp-json\/wp\/v2\/pages\/24\/revisions\/249"}],"wp:attachment":[{"href":"https:\/\/www.eg-karlstein.de\/index.php\/wp-json\/wp\/v2\/media?parent=24"}],"curies":[{"name":"wp","href":"https:\/\/api.w.org\/{rel}","templated":true}]}}