{"id":121,"date":"2024-09-30T12:18:23","date_gmt":"2024-09-30T10:18:23","guid":{"rendered":"http:\/\/www-neu.eg-karlstein.de\/?page_id=121"},"modified":"2024-10-22T13:32:37","modified_gmt":"2024-10-22T11:32:37","slug":"zaehlerstandsmeldung","status":"publish","type":"page","link":"https:\/\/www.eg-karlstein.de\/index.php\/zaehlerstandsmeldung\/","title":{"rendered":"Z\u00e4hlerstandsmeldung"},"content":{"rendered":"\n<h2 class=\"wp-block-heading has-text-align-center\">Z\u00e4hlerstandsmeldung<\/h2>\n\n\n\n<p>Auf dieser Seite k\u00f6nnen Sie Ihren Z\u00e4hlerstand direkt an uns \u00fcbermitteln. <\/p>\n\n\n\n<p>Bitte f\u00fcllen Sie das nachfolgende Formular vollst\u00e4ndig aus.<\/p>\n\n\n\n<div class=\"wp-block-leadin-hubspot-form-block\">\n\t\t\t\t\t\t<script>\n\t\t\t\t\t\t\twindow.hsFormsOnReady = window.hsFormsOnReady || [];\n\t\t\t\t\t\t\twindow.hsFormsOnReady.push(()=>{\n\t\t\t\t\t\t\t\thbspt.forms.create({\n\t\t\t\t\t\t\t\t\tportalId: 47603219,\n\t\t\t\t\t\t\t\t\tformId: \"705b4d31-c246-4b11-a9ea-5462ebbe218f\",\n\t\t\t\t\t\t\t\t\ttarget: \"#hbspt-form-1776692624000-7780696144\",\n\t\t\t\t\t\t\t\t\tregion: \"na1\",\n\t\t\t\t\t\t\t\t\t\n\t\t\t\t\t\t\t})});\n\t\t\t\t\t\t<\/script>\n\t\t\t\t\t\t<div class=\"hbspt-form\" id=\"hbspt-form-1776692624000-7780696144\"><\/div><\/div>\n","protected":false},"excerpt":{"rendered":"<p>Z\u00e4hlerstandsmeldung Auf dieser Seite k\u00f6nnen Sie Ihren Z\u00e4hlerstand direkt an uns \u00fcbermitteln. Bitte f\u00fcllen Sie das nachfolgende Formular vollst\u00e4ndig aus.<\/p>\n","protected":false},"author":1,"featured_media":0,"parent":0,"menu_order":0,"comment_status":"closed","ping_status":"closed","template":"","meta":{"_acf_changed":false,"content-type":"","footnotes":""},"class_list":["post-121","page","type-page","status-publish","hentry"],"blocksy_meta":[],"acf":[],"_links":{"self":[{"href":"https:\/\/www.eg-karlstein.de\/index.php\/wp-json\/wp\/v2\/pages\/121","targetHints":{"allow":["GET"]}}],"collection":[{"href":"https:\/\/www.eg-karlstein.de\/index.php\/wp-json\/wp\/v2\/pages"}],"about":[{"href":"https:\/\/www.eg-karlstein.de\/index.php\/wp-json\/wp\/v2\/types\/page"}],"author":[{"embeddable":true,"href":"https:\/\/www.eg-karlstein.de\/index.php\/wp-json\/wp\/v2\/users\/1"}],"replies":[{"embeddable":true,"href":"https:\/\/www.eg-karlstein.de\/index.php\/wp-json\/wp\/v2\/comments?post=121"}],"version-history":[{"count":3,"href":"https:\/\/www.eg-karlstein.de\/index.php\/wp-json\/wp\/v2\/pages\/121\/revisions"}],"predecessor-version":[{"id":302,"href":"https:\/\/www.eg-karlstein.de\/index.php\/wp-json\/wp\/v2\/pages\/121\/revisions\/302"}],"wp:attachment":[{"href":"https:\/\/www.eg-karlstein.de\/index.php\/wp-json\/wp\/v2\/media?parent=121"}],"curies":[{"name":"wp","href":"https:\/\/api.w.org\/{rel}","templated":true}]}}