{"id":108,"date":"2024-09-27T11:50:30","date_gmt":"2024-09-27T09:50:30","guid":{"rendered":"http:\/\/www-neu.eg-karlstein.de\/?page_id=108"},"modified":"2026-04-09T11:53:30","modified_gmt":"2026-04-09T09:53:30","slug":"messstellen","status":"publish","type":"page","link":"https:\/\/www.eg-karlstein.de\/index.php\/messstellen\/","title":{"rendered":"Messstellen"},"content":{"rendered":"\n<h2 class=\"wp-block-heading has-text-align-center\">Messstellen<\/h2>\n\n\n\n<p>Nach \u00a7 9 Abs. 4 MsbG sind grundzust\u00e4ndige Messstellenbetreiber verpflichtet, die Vertr\u00e4ge nach \u00a7 9 Abs. 1 MsbG zu ver\u00f6ffentlichen.<\/p>\n\n\n\n<p><strong>Entgelte f\u00fcr den Messstellenbetrieb:<\/strong><\/p>\n\n\n\n<p><a href=\"https:\/\/www.eg-karlstein.de\/wp-content\/uploads\/2025\/10\/Messentgelte-fuer-Standard-und-Zusatzleistungen-ab-01.01.2026.pdf\" target=\"_blank\" rel=\"noreferrer noopener\">Preisblatt Messstellenbetrieb ab 01.01.2026<\/a><\/p>\n\n\n\n<p><a href=\"http:\/\/www.eg-karlstein.de\/wp-content\/uploads\/2024\/09\/preisblatt_digitale_messtechnk.pdf\" data-type=\"link\" data-id=\"http:\/\/www.eg-karlstein.de\/wp-content\/uploads\/2024\/09\/preisblatt_digitale_messtechnk.pdf\" target=\"_blank\" rel=\"noreferrer noopener\">Preisblatt Messstellenbetrieb ab 01.01.2019<\/a><\/p>\n\n\n\n<hr class=\"wp-block-separator has-alpha-channel-opacity\"\/>\n\n\n\n<p><strong>Weitere Unterlagen zum Messstellenbetrieb:<\/strong><\/p>\n\n\n\n<p><a href=\"https:\/\/www.eg-karlstein.de\/wp-content\/uploads\/2026\/04\/Messstellenbetreibervertrag-ab-01.07.2026.pdf\">Messstellenbetreibervertrag (MSV-LF) ab 01.07.2026<\/a><\/p>\n\n\n\n<p><a href=\"https:\/\/www.eg-karlstein.de\/wp-content\/uploads\/2026\/04\/Formblatt-fuer-die-Datenkommunikation-mit-einem-Smart-Meter-Gateway-zwischen-den-Beteiligten-gemaess-\u00a7-54-Messstellenbetriebsgesetz.pdf\">Formblatt f\u00fcr die Datenkommunikation mit einem Smart-Meter-Gateway zwischen den Beteiligten gem\u00e4\u00df \u00a7 54 Messstellenbetriebsgesetz<\/a><\/p>\n\n\n\n<p><a href=\"http:\/\/www.eg-karlstein.de\/wp-content\/uploads\/2024\/09\/Kontaktdatenblatt-Netz-MSB-EGK.xlsx\" data-type=\"link\" data-id=\"http:\/\/www-neu.eg-karlstein.de\/wp-content\/uploads\/2024\/09\/Kontaktdatenblatt-Netz-MSB-EGK.xlsx\" target=\"_blank\" rel=\"noreferrer noopener\">Kontaktdatenblatt Messstellenbetreiber ab dem 01.04.2024<\/a><\/p>\n\n\n\n<p><a href=\"http:\/\/www.eg-karlstein.de\/wp-content\/uploads\/2024\/09\/Karlstein-AS4-Zertifikate-ab-01.04.2024.zip\" data-type=\"link\" data-id=\"http:\/\/www.eg-karlstein.de\/wp-content\/uploads\/2024\/09\/Karlstein-AS4-Zertifikate-ab-01.04.2024.zip\" target=\"_blank\" rel=\"noreferrer noopener\">Zertifikat zur 1:1 Kommunikation ab dem 01.04.2024<\/a><\/p>\n\n\n\n<p><a href=\"http:\/\/www.eg-karlstein.de\/wp-content\/uploads\/2024\/09\/Messstellenbetreiberrahmenvertrag-1.pdf\" target=\"_blank\" rel=\"noreferrer noopener\">Messstellenbetreiberrahmenvertrag<\/a><\/p>\n\n\n\n<p><\/p>\n","protected":false},"excerpt":{"rendered":"<p>Messstellen Nach \u00a7 9 Abs. 4 MsbG sind grundzust\u00e4ndige Messstellenbetreiber verpflichtet, die Vertr\u00e4ge nach \u00a7 9 Abs. 1 MsbG zu ver\u00f6ffentlichen. Entgelte f\u00fcr den Messstellenbetrieb: Preisblatt Messstellenbetrieb ab 01.01.2026 Preisblatt Messstellenbetrieb ab 01.01.2019 Weitere Unterlagen zum Messstellenbetrieb: Messstellenbetreibervertrag (MSV-LF) ab 01.07.2026 Formblatt f\u00fcr die Datenkommunikation mit einem Smart-Meter-Gateway zwischen den Beteiligten gem\u00e4\u00df \u00a7 54 Messstellenbetriebsgesetz [&hellip;]<\/p>\n","protected":false},"author":1,"featured_media":0,"parent":0,"menu_order":0,"comment_status":"closed","ping_status":"closed","template":"","meta":{"_acf_changed":false,"content-type":"","footnotes":""},"class_list":["post-108","page","type-page","status-publish","hentry"],"blocksy_meta":[],"acf":[],"_links":{"self":[{"href":"https:\/\/www.eg-karlstein.de\/index.php\/wp-json\/wp\/v2\/pages\/108","targetHints":{"allow":["GET"]}}],"collection":[{"href":"https:\/\/www.eg-karlstein.de\/index.php\/wp-json\/wp\/v2\/pages"}],"about":[{"href":"https:\/\/www.eg-karlstein.de\/index.php\/wp-json\/wp\/v2\/types\/page"}],"author":[{"embeddable":true,"href":"https:\/\/www.eg-karlstein.de\/index.php\/wp-json\/wp\/v2\/users\/1"}],"replies":[{"embeddable":true,"href":"https:\/\/www.eg-karlstein.de\/index.php\/wp-json\/wp\/v2\/comments?post=108"}],"version-history":[{"count":12,"href":"https:\/\/www.eg-karlstein.de\/index.php\/wp-json\/wp\/v2\/pages\/108\/revisions"}],"predecessor-version":[{"id":499,"href":"https:\/\/www.eg-karlstein.de\/index.php\/wp-json\/wp\/v2\/pages\/108\/revisions\/499"}],"wp:attachment":[{"href":"https:\/\/www.eg-karlstein.de\/index.php\/wp-json\/wp\/v2\/media?parent=108"}],"curies":[{"name":"wp","href":"https:\/\/api.w.org\/{rel}","templated":true}]}}